{"id":133,"date":"2020-04-02T20:21:13","date_gmt":"2020-04-03T03:21:13","guid":{"rendered":"http:\/\/web.finplaninteligente.com\/checkout\/"},"modified":"2020-05-19T20:51:14","modified_gmt":"2020-05-20T01:51:14","slug":"finalizar-compra","status":"publish","type":"page","link":"https:\/\/web.finplaninteligente.com\/es_mx\/finalizar-compra\/","title":{"rendered":"Finalizar compra"},"content":{"rendered":"<div id=\"cs-content\" class=\"cs-content\" >\n<div class=\"e133-1 x-section headerSection\" >\n      \n<div class=\"e133-2 x-row x-container max width\" >\n  <div class=\"x-row-inner\">\n    \n<div class=\"e133-3 x-col\" >\n    \n<div class=\"e133-4 x-text titlePage x-text-headline\" >\n  <div class=\"x-text-content\"><div class=\"x-text-content-text\"><h1 class=\"x-text-content-text-primary\"><strong>Finalizar Compra<\/strong><\/h1><\/div><\/div><\/div>\n<\/div>\n  <\/div>\n  <\/div>\n  <\/div>\n\n<div class=\"e133-5 x-section headerSection\" >\n      \n<div class=\"e133-6 x-row x-container max width\" >\n  <div class=\"x-row-inner\">\n    \n<div class=\"e133-7 x-col\" >\n    \n<div class=\"e133-8 x-text\" >\n  <p><\/p><\/div>\n<\/div>\n  <\/div>\n  <\/div>\n  <\/div>\n\n<div class=\"e133-9 x-section\" >\n      \n<div class=\"e133-10 x-row x-container max width\" >\n  <div class=\"x-row-inner\">\n    \n<div class=\"e133-11 x-col\" >\n    \n<div class=\"e133-12 x-text\" >\n  <div class=\"woocommerce\"><\/div><\/div>\n<\/div>\n  <\/div>\n  <\/div>\n  <\/div>\n<\/div>\n","protected":false},"excerpt":{"rendered":"<p>Finalizar Compra &nbsp; &nbsp; Producto Precio Cantidad Subtotal &times; Distribuci\u00f3n &#8211; Anual &#36;119.88 \/ a\u00f1o 1 &#36;119.88 \/ a\u00f1o Cup\u00f3n: Aplicar Cup\u00f3n Actualizar carrito Apply Coupon Total del carrito Subtotal &#36;119.88 Cup\u00f3n: pre_sale -&#036;59.94 [Eliminar] Impuesto impuestos se calcular\u00e1n al finalizar la compra Total &#36;59.94 Totales Recurrentes Subtotal &#036;119.88 \/ a\u00f1o Cup\u00f3n: pre_sale -&#036;59.94 [Remove] Impuesto &#036;0.00 \/ a\u00f1o Total &#8230; <\/p>\n<div><a href=\"https:\/\/web.finplaninteligente.com\/es_mx\/finalizar-compra\/\" class=\"more-link\">Leer m\u00e1s<\/a><\/div>\n","protected":false},"author":1,"featured_media":0,"parent":0,"menu_order":0,"comment_status":"closed","ping_status":"closed","template":"template-blank-4.php","meta":{"spay_email":""},"better_featured_image":null,"_links":{"self":[{"href":"https:\/\/web.finplaninteligente.com\/es_mx\/wp-json\/wp\/v2\/pages\/133"}],"collection":[{"href":"https:\/\/web.finplaninteligente.com\/es_mx\/wp-json\/wp\/v2\/pages"}],"about":[{"href":"https:\/\/web.finplaninteligente.com\/es_mx\/wp-json\/wp\/v2\/types\/page"}],"author":[{"embeddable":true,"href":"https:\/\/web.finplaninteligente.com\/es_mx\/wp-json\/wp\/v2\/users\/1"}],"replies":[{"embeddable":true,"href":"https:\/\/web.finplaninteligente.com\/es_mx\/wp-json\/wp\/v2\/comments?post=133"}],"version-history":[{"count":5,"href":"https:\/\/web.finplaninteligente.com\/es_mx\/wp-json\/wp\/v2\/pages\/133\/revisions"}],"predecessor-version":[{"id":1006,"href":"https:\/\/web.finplaninteligente.com\/es_mx\/wp-json\/wp\/v2\/pages\/133\/revisions\/1006"}],"wp:attachment":[{"href":"https:\/\/web.finplaninteligente.com\/es_mx\/wp-json\/wp\/v2\/media?parent=133"}],"curies":[{"name":"wp","href":"https:\/\/api.w.org\/{rel}","templated":true}]}}