{"id":64,"date":"2020-04-01T19:33:14","date_gmt":"2020-04-02T02:33:14","guid":{"rendered":"http:\/\/web.finplaninteligente.com\/?page_id=64"},"modified":"2020-05-07T17:03:39","modified_gmt":"2020-05-07T22:03:39","slug":"blogs","status":"publish","type":"page","link":"https:\/\/web.finplaninteligente.com\/en\/blogs\/","title":{"rendered":"Blogs"},"content":{"rendered":"<div id=\"cs-content\" class=\"cs-content\" >\n<div class=\"e64-1 x-section\" >\n      \n<div class=\"e64-2 x-row x-container max width\" >\n  <div class=\"x-row-inner\">\n    \n<div class=\"e64-3 x-col\" >\n    \n<div class=\"e64-4 x-text x-text-headline\" >\n  <div class=\"x-text-content\"><div class=\"x-text-content-text\"><h2 class=\"x-text-content-text-primary\">Hablemos de Finanzas Personales<\/h2><\/div><\/div><\/div>\n<\/div>\n  <\/div>\n  <\/div>\n  <\/div>\n\n<div class=\"e64-5 x-section\" >\n      \n<div class=\"e64-6 x-row x-container max width\" >\n  <div class=\"x-row-inner\">\n    \n<div class=\"e64-7 x-col\" >\n    <div  class=\"x-recent-posts cf horizontal\"  data-x-element=\"recent_posts\" data-x-params=\"{&quot;fade&quot;:true}\"  data-fade=\"true\" ><a class=\"x-recent-post2 with-image\" href=\"https:\/\/web.finplaninteligente.com\/en\/2021\/02\/no-necesito-un-seguro-de-vida\/\" title=\"Permalink to: &quot;!No necesito un seguro de vida!&quot;\"><article id=\"post-1034\" class=\"post-1034 post type-post status-publish format-standard has-post-thumbnail hentry category-educacion-financiera category-informacion-general category-seguros-de-vida tag-seguros-de-vidas\"><div class=\"entry-wrap\"><div class=\"x-recent-posts-img\" style=\"background-image: url(https:\/\/web.finplaninteligente.com\/wp-content\/uploads\/2020\/03\/ad-930x520.jpg);\"><\/div><div class=\"x-recent-posts-content\"><h3 class=\"h-recent-posts\">!No necesito un seguro de vida!<\/h3><span class=\"x-recent-posts-date\">February 18, 2021<\/span><\/div><\/div><\/article><\/a><a class=\"x-recent-post2 with-image\" href=\"https:\/\/web.finplaninteligente.com\/en\/2021\/02\/retirarse-o-continuar-trabajando\/\" title=\"Permalink to: &quot;Retirarse o continuar trabajando.&quot;\"><article id=\"post-707\" class=\"post-707 post type-post status-publish format-standard has-post-thumbnail hentry category-educacion-financiera category-informacion-general category-planificacion-financiera tag-retiro\"><div class=\"entry-wrap\"><div class=\"x-recent-posts-img\" style=\"background-image: url(https:\/\/web.finplaninteligente.com\/wp-content\/uploads\/2021\/03\/download-12.jpg);\"><\/div><div class=\"x-recent-posts-content\"><h3 class=\"h-recent-posts\">Retirarse o continuar trabajando.<\/h3><span class=\"x-recent-posts-date\">February 10, 2021<\/span><\/div><\/div><\/article><\/a><\/div><div  class=\"x-recent-posts cf horizontal\"  data-x-element=\"recent_posts\" data-x-params=\"{&quot;fade&quot;:true}\"  data-fade=\"true\" ><a class=\"x-recent-post2 with-image\" href=\"https:\/\/web.finplaninteligente.com\/en\/2021\/02\/creacion-de-un-presupuesto-para-el-hogar\/\" title=\"Permalink to: &quot;Creaci\u00f3n de un presupuesto para el hogar&quot;\"><article id=\"post-1110\" class=\"post-1110 post type-post status-publish format-standard has-post-thumbnail hentry category-educacion-financiera category-informacion-general category-presupuesto tag-educacion-financiera tag-presupuesto\"><div class=\"entry-wrap\"><div class=\"x-recent-posts-img\" style=\"background-image: url(https:\/\/web.finplaninteligente.com\/wp-content\/uploads\/2020\/09\/OIP-50.jpg);\"><\/div><div class=\"x-recent-posts-content\"><h3 class=\"h-recent-posts\">Creaci\u00f3n de un presupuesto para el hogar<\/h3><span class=\"x-recent-posts-date\">February 8, 2021<\/span><\/div><\/div><\/article><\/a><a class=\"x-recent-post2 with-image\" href=\"https:\/\/web.finplaninteligente.com\/en\/2021\/02\/roth-ira-vs-ira-tradicional\/\" title=\"Permalink to: &quot;Roth IRA vs IRA Tradicional.&quot;\"><article id=\"post-704\" class=\"post-704 post type-post status-publish format-standard has-post-thumbnail hentry category-ahorro-inversiones category-informacion-general category-planificacion-financiera tag-roth-ira-ira-tradicional\"><div class=\"entry-wrap\"><div class=\"x-recent-posts-img\" style=\"background-image: url(https:\/\/web.finplaninteligente.com\/wp-content\/uploads\/2021\/03\/OIP-25-1.jpg);\"><\/div><div class=\"x-recent-posts-content\"><h3 class=\"h-recent-posts\">Roth IRA vs IRA Tradicional.<\/h3><span class=\"x-recent-posts-date\">February 6, 2021<\/span><\/div><\/div><\/article><\/a><\/div><div  class=\"x-recent-posts cf horizontal\"  data-x-element=\"recent_posts\" data-x-params=\"{&quot;fade&quot;:false}\"  data-fade=\"false\" ><a class=\"x-recent-post4 with-image\" href=\"https:\/\/web.finplaninteligente.com\/en\/2021\/01\/buscando-educacion-financiera\/\" title=\"Permalink to: &quot;Buscando Educaci\u00f3n Financiera&quot;\"><article id=\"post-924\" class=\"post-924 post type-post status-publish format-standard has-post-thumbnail hentry category-educacion-financiera category-informacion-general tag-educacion-financiera\"><div class=\"entry-wrap\"><div class=\"x-recent-posts-img\" style=\"background-image: url(https:\/\/web.finplaninteligente.com\/wp-content\/uploads\/2021\/03\/libro.jpg);\"><\/div><div class=\"x-recent-posts-content\"><h3 class=\"h-recent-posts\">Buscando Educaci\u00f3n Financiera<\/h3><span class=\"x-recent-posts-date\">January 27, 2021<\/span><\/div><\/div><\/article><\/a><a class=\"x-recent-post4 with-image\" href=\"https:\/\/web.finplaninteligente.com\/en\/2021\/01\/preguntas-que-deberia-hacer-cuando-se-trata-de-un-seguro-de-vida\/\" title=\"Permalink to: &quot;Preguntas que deber\u00eda hacer cuando se trata de un seguro de vida&quot;\"><article id=\"post-1120\" class=\"post-1120 post type-post status-publish format-standard has-post-thumbnail hentry category-educacion-financiera category-informacion-general category-seguros-de-vida tag-seguros-de-vidas\"><div class=\"entry-wrap\"><div class=\"x-recent-posts-img\" style=\"background-image: url(https:\/\/web.finplaninteligente.com\/wp-content\/uploads\/2021\/02\/a2b5086eedd711e7b3d10eb04a1bba78-930x520.jpg);\"><\/div><div class=\"x-recent-posts-content\"><h3 class=\"h-recent-posts\">Preguntas que deber\u00eda hacer cuando se trata de un seguro de vida<\/h3><span class=\"x-recent-posts-date\">January 24, 2021<\/span><\/div><\/div><\/article><\/a><a class=\"x-recent-post4 with-image\" href=\"https:\/\/web.finplaninteligente.com\/en\/2021\/01\/5-pasos-para-lograr-y-mantener-el-bienestar-financiero\/\" title=\"Permalink to: &quot;5 Pasos Para Lograr y Mantener el Bienestar Financiero&quot;\"><article id=\"post-339\" class=\"post-339 post type-post status-publish format-standard has-post-thumbnail hentry category-educacion-financiera category-informacion-general category-planificacion-financiera tag-pasos-para-el-bienestar-financiero\"><div class=\"entry-wrap\"><div class=\"x-recent-posts-img\" style=\"background-image: url(https:\/\/web.finplaninteligente.com\/wp-content\/uploads\/2020\/04\/5-Pasos-Para-Lograr-y-Mantener-el-Bienestar-Financiero.jpg);\"><\/div><div class=\"x-recent-posts-content\"><h3 class=\"h-recent-posts\">5 Pasos Para Lograr y Mantener el Bienestar Financiero<\/h3><span class=\"x-recent-posts-date\">January 21, 2021<\/span><\/div><\/div><\/article><\/a><a class=\"x-recent-post4 with-image\" href=\"https:\/\/web.finplaninteligente.com\/en\/2021\/01\/tu-activo-mas-valioso\/\" title=\"Permalink to: &quot;Tu activo m\u00e1s valioso&quot;\"><article id=\"post-1012\" class=\"post-1012 post type-post status-publish format-standard has-post-thumbnail hentry category-educacion-financiera category-informacion-general category-planificacion-financiera tag-seguros-de-discapacidad\"><div class=\"entry-wrap\"><div class=\"x-recent-posts-img\" style=\"background-image: url(https:\/\/web.finplaninteligente.com\/wp-content\/uploads\/2021\/03\/download-3.jpg);\"><\/div><div class=\"x-recent-posts-content\"><h3 class=\"h-recent-posts\">Tu activo m\u00e1s valioso<\/h3><span class=\"x-recent-posts-date\">January 21, 2021<\/span><\/div><\/div><\/article><\/a><\/div><div  class=\"x-recent-posts cf horizontal\"  data-x-element=\"recent_posts\" data-x-params=\"{&quot;fade&quot;:false}\"  data-fade=\"false\" ><a class=\"x-recent-post4 with-image\" href=\"https:\/\/web.finplaninteligente.com\/en\/2021\/01\/las-anualidades-en-tiempos-economicos-inciertos\/\" title=\"Permalink to: &quot;Las anualidades en tiempos econ\u00f3micos inciertos&quot;\"><article id=\"post-945\" class=\"post-945 post type-post status-publish format-standard has-post-thumbnail hentry category-ahorro-inversiones category-educacion-financiera category-informacion-general category-planificacion-financiera tag-anualidades\"><div class=\"entry-wrap\"><div class=\"x-recent-posts-img\" style=\"background-image: url(https:\/\/web.finplaninteligente.com\/wp-content\/uploads\/2020\/03\/pasted-image-0-2-930x520.png);\"><\/div><div class=\"x-recent-posts-content\"><h3 class=\"h-recent-posts\">Las anualidades en tiempos econ\u00f3micos inciertos<\/h3><span class=\"x-recent-posts-date\">January 21, 2021<\/span><\/div><\/div><\/article><\/a><a class=\"x-recent-post4 with-image\" href=\"https:\/\/web.finplaninteligente.com\/en\/2021\/01\/el-inmigrante-hispano-y-la-educacion-financiera\/\" title=\"Permalink to: &quot;El Hispano y la educaci\u00f3n financiera.&quot;\"><article id=\"post-1162\" class=\"post-1162 post type-post status-publish format-standard has-post-thumbnail hentry category-educacion-financiera category-informacion-general tag-educacion-financiera\"><div class=\"entry-wrap\"><div class=\"x-recent-posts-img\" style=\"background-image: url(https:\/\/web.finplaninteligente.com\/wp-content\/uploads\/2020\/12\/pasted-image-0-5-930x520.png);\"><\/div><div class=\"x-recent-posts-content\"><h3 class=\"h-recent-posts\">El Hispano y la educaci\u00f3n financiera.<\/h3><span class=\"x-recent-posts-date\">January 10, 2021<\/span><\/div><\/div><\/article><\/a><a class=\"x-recent-post4 with-image\" href=\"https:\/\/web.finplaninteligente.com\/en\/2020\/12\/la-importancia-de-tener-un-numero-itin\/\" title=\"Permalink to: &quot;La importancia de tener un n\u00famero ITIN&quot;\"><article id=\"post-949\" class=\"post-949 post type-post status-publish format-standard has-post-thumbnail hentry category-educacion-financiera category-informacion-general tag-numero-itin\"><div class=\"entry-wrap\"><div class=\"x-recent-posts-img\" style=\"background-image: url(https:\/\/web.finplaninteligente.com\/wp-content\/uploads\/2019\/10\/numero-itin.jpg);\"><\/div><div class=\"x-recent-posts-content\"><h3 class=\"h-recent-posts\">La importancia de tener un n\u00famero ITIN<\/h3><span class=\"x-recent-posts-date\">December 30, 2020<\/span><\/div><\/div><\/article><\/a><a class=\"x-recent-post4 with-image\" href=\"https:\/\/web.finplaninteligente.com\/en\/2020\/12\/una-de-las-compras-mas-importantes-de-su-vida\/\" title=\"Permalink to: &quot;Una de las compras m\u00e1s importantes de su vida.&quot;\"><article id=\"post-88\" class=\"post-88 post type-post status-publish format-standard has-post-thumbnail hentry category-educacion-financiera category-informacion-general category-seguros-de-vida tag-seguros-de-vidas\"><div class=\"entry-wrap\"><div class=\"x-recent-posts-img\" style=\"background-image: url(https:\/\/web.finplaninteligente.com\/wp-content\/uploads\/2021\/03\/OIP-55.jpg);\"><\/div><div class=\"x-recent-posts-content\"><h3 class=\"h-recent-posts\">Una de las compras m\u00e1s importantes de su vida.<\/h3><span class=\"x-recent-posts-date\">December 21, 2020<\/span><\/div><\/div><\/article><\/a><\/div><div  class=\"x-recent-posts cf horizontal\"  data-x-element=\"recent_posts\" data-x-params=\"{&quot;fade&quot;:false}\"  data-fade=\"false\" ><a class=\"x-recent-post4 with-image\" href=\"https:\/\/web.finplaninteligente.com\/en\/2020\/12\/la-importancia-de-un-programa-de-beneficios-para-empleados\/\" title=\"Permalink to: &quot;La importancia de un programa de beneficios para empleados.&quot;\"><article id=\"post-1307\" class=\"post-1307 post type-post status-publish format-standard has-post-thumbnail hentry category-educacion-financiera category-informacion-general tag-beneficios tag-educacion-financiera\"><div class=\"entry-wrap\"><div class=\"x-recent-posts-img\" style=\"background-image: url(https:\/\/web.finplaninteligente.com\/wp-content\/uploads\/2020\/12\/people-930x520.png);\"><\/div><div class=\"x-recent-posts-content\"><h3 class=\"h-recent-posts\">La importancia de un programa de beneficios para empleados.<\/h3><span class=\"x-recent-posts-date\">December 21, 2020<\/span><\/div><\/div><\/article><\/a><a class=\"x-recent-post4 with-image\" href=\"https:\/\/web.finplaninteligente.com\/en\/2020\/12\/errores-comunes-en-un-plan-401k-y-como-evitarlos\/\" title=\"Permalink to: &quot;Errores comunes en un plan 401(k) y c\u00f3mo evitarlos.&quot;\"><article id=\"post-1261\" class=\"post-1261 post type-post status-publish format-standard has-post-thumbnail hentry category-educacion-financiera category-informacion-general category-planificacion-financiera tag-401k\"><div class=\"entry-wrap\"><div class=\"x-recent-posts-img\" style=\"background-image: url(https:\/\/web.finplaninteligente.com\/wp-content\/uploads\/2021\/02\/401k.png);\"><\/div><div class=\"x-recent-posts-content\"><h3 class=\"h-recent-posts\">Errores comunes en un plan 401(k) y c\u00f3mo evitarlos.<\/h3><span class=\"x-recent-posts-date\">December 14, 2020<\/span><\/div><\/div><\/article><\/a><a class=\"x-recent-post4 with-image\" href=\"https:\/\/web.finplaninteligente.com\/en\/2020\/12\/manejo-del-dinero-durante-su-retiro\/\" title=\"Permalink to: &quot;Manejo del dinero durante su retiro&quot;\"><article id=\"post-1141\" class=\"post-1141 post type-post status-publish format-standard has-post-thumbnail hentry category-educacion-financiera category-informacion-general category-planificacion-financiera category-cons-vivir-mucho-tiempo tag-educacion-financiera tag-retiro\"><div class=\"entry-wrap\"><div class=\"x-recent-posts-img\" style=\"background-image: url(https:\/\/web.finplaninteligente.com\/wp-content\/uploads\/2020\/07\/01-930x520.png);\"><\/div><div class=\"x-recent-posts-content\"><h3 class=\"h-recent-posts\">Manejo del dinero durante su retiro<\/h3><span class=\"x-recent-posts-date\">December 13, 2020<\/span><\/div><\/div><\/article><\/a><a class=\"x-recent-post4 with-image\" href=\"https:\/\/web.finplaninteligente.com\/en\/2020\/12\/volatilidad-del-mercado-y-su-401k\/\" title=\"Permalink to: &quot;Volatilidad del mercado y su 401(k)&quot;\"><article id=\"post-684\" class=\"post-684 post type-post status-publish format-standard has-post-thumbnail hentry category-ahorro-inversiones category-educacion-financiera category-informacion-general tag-mercado-401k\"><div class=\"entry-wrap\"><div class=\"x-recent-posts-img\" style=\"background-image: url(https:\/\/web.finplaninteligente.com\/wp-content\/uploads\/2019\/10\/pasted-image-0-930x520.png);\"><\/div><div class=\"x-recent-posts-content\"><h3 class=\"h-recent-posts\">Volatilidad del mercado y su 401(k)<\/h3><span class=\"x-recent-posts-date\">December 10, 2020<\/span><\/div><\/div><\/article><\/a><\/div><\/div>\n  <\/div>\n  <\/div>\n  <\/div>\n<\/div>","protected":false},"excerpt":{"rendered":"<p>Hablemos de Finanzas Personales Efectos del Covid 19 en t\u00fa 401k.abril 27, 20205 Pasos Para Lograr y Mantener el Bienestar Financieroabril 21, 2020Una de las compras m\u00e1s importantes de su vida.abril 10, 202010 cosas cotidianas m\u00e1s caras que el seguro de vida a t\u00e9rmino.marzo 21, 2020Una actualizaci\u00f3n sobre el corona virusmarzo 11, 2020Volatilidad del mercado y su 401(k)octubre 10, 2019Roth &#8230; <\/p>\n<div><a href=\"https:\/\/web.finplaninteligente.com\/en\/blogs\/\" class=\"more-link\">Leer m\u00e1s<\/a><\/div>","protected":false},"author":1,"featured_media":0,"parent":0,"menu_order":0,"comment_status":"closed","ping_status":"closed","template":"template-layout-content-sidebar.php","meta":{"spay_email":""},"better_featured_image":null,"_links":{"self":[{"href":"https:\/\/web.finplaninteligente.com\/en\/wp-json\/wp\/v2\/pages\/64"}],"collection":[{"href":"https:\/\/web.finplaninteligente.com\/en\/wp-json\/wp\/v2\/pages"}],"about":[{"href":"https:\/\/web.finplaninteligente.com\/en\/wp-json\/wp\/v2\/types\/page"}],"author":[{"embeddable":true,"href":"https:\/\/web.finplaninteligente.com\/en\/wp-json\/wp\/v2\/users\/1"}],"replies":[{"embeddable":true,"href":"https:\/\/web.finplaninteligente.com\/en\/wp-json\/wp\/v2\/comments?post=64"}],"version-history":[{"count":5,"href":"https:\/\/web.finplaninteligente.com\/en\/wp-json\/wp\/v2\/pages\/64\/revisions"}],"predecessor-version":[{"id":814,"href":"https:\/\/web.finplaninteligente.com\/en\/wp-json\/wp\/v2\/pages\/64\/revisions\/814"}],"wp:attachment":[{"href":"https:\/\/web.finplaninteligente.com\/en\/wp-json\/wp\/v2\/media?parent=64"}],"curies":[{"name":"wp","href":"https:\/\/api.w.org\/{rel}","templated":true}]}}